{"id":1140,"date":"2016-07-18T14:44:33","date_gmt":"2016-07-18T13:44:33","guid":{"rendered":"https:\/\/www.ah-table.com\/en\/?page_id=1140"},"modified":"2017-08-22T15:35:48","modified_gmt":"2017-08-22T14:35:48","slug":"legal-notice","status":"publish","type":"page","link":"https:\/\/www.ah-table.com\/en\/legal-notice\/","title":{"rendered":"legal notice"},"content":{"rendered":"<div class=\"csRow\">\n<div class=\"csColumnGap\" style=\"margin: 0px;padding: 0px;float: left;width: 1.56%\"><img decoding=\"async\" style=\"border: none\" src=\"http:\/\/www.ecodis.info\/wp-content\/plugins\/advanced-wp-columns\/assets\/js\/plugins\/views\/img\/1x1-pixel.png\" alt=\"\" \/><\/div>\n<div class=\"csColumn\" style=\"margin: 0px;padding: 0px;float: left;width: 96.9%\">\n<p style=\"text-align: justify\"><span style=\"color: #993300;font-family: arial, helvetica, sans-serif;font-size: 12pt\"><strong>Website editor<\/strong><\/span><\/p>\n<p><strong><span style=\"font-family: arial, helvetica, sans-serif;font-size: 12pt\">ECODIS<\/span><\/strong><\/p>\n<p><span style=\"font-family: arial, helvetica, sans-serif;font-size: 12pt\">S.A.S Soci\u00e9t\u00e9 de Distribution Ecologique de Bretagne (S.D.E.B.)<br \/>\n<\/span><span style=\"font-family: arial, helvetica, sans-serif;font-size: 12pt\">Head office: rue Galil\u00e9e &#8211; Zone de Kerboulard &#8211; 56250 Saint Nolff &#8211; France<br \/>\n<\/span><span style=\"font-family: arial, helvetica, sans-serif;font-size: 12pt\">Tel: 00 33 &#8211; (0)2 97 48 40 59<br \/>\n<\/span><span style=\"font-family: arial, helvetica, sans-serif;font-size: 12pt\">Fax: 00 33- (0)2 97 45 50 14<br \/>\n<\/span><span style=\"font-family: arial, helvetica, sans-serif;font-size: 12pt\">E-mail:\u00a0<a href=\"mailto:commercial@ecodis.info\"><strong>commercial@ecodis.info<br \/>\n<\/strong><\/a><\/span><span style=\"font-family: arial, helvetica, sans-serif;font-size: 12pt\"><a href=\"mailto:commercial@ecodis.info\"><strong><br \/>\n<\/strong><\/a>Limited company with a capital of 102\u00a0000\u20ac<br \/>\n<\/span><span style=\"font-family: arial, helvetica, sans-serif;font-size: 12pt\">Siret: 429 216\u00a0310 RCS Vannes<br \/>\nAPE code: 4649Z \u2013 intra-community VAT: FR35429216310<br \/>\nPublication director: Didier Le Gars<\/span><\/p>\n<p>&nbsp;<\/p>\n<p><span style=\"color: #993300;font-family: arial, helvetica, sans-serif;font-size: 12pt\"><strong>Website host<\/strong><\/span><\/p>\n<p><strong><span style=\"font-family: arial, helvetica, sans-serif;font-size: 12pt\">OVH<\/span><\/strong><\/p>\n<p><span style=\"font-family: arial, helvetica, sans-serif;font-size: 12pt\">Head office: 2 rue Kellerman \u2013 59100 Roubaix \u2013 France<br \/>\nTel: 00 33 (0)972 10 10 07<br \/>\nSAS with capital of 10\u00a0059\u00a0500\u20ac<br \/>\nAPE code: 6202A<br \/>\nIntra-community VAT: FR22\u00a0424\u00a0761 41<\/span><\/p>\n<\/div>\n<p>&nbsp;<\/p>\n<\/div>\n","protected":false},"excerpt":{"rendered":"<p>Website editor ECODIS S.A.S Soci\u00e9t\u00e9 de Distribution Ecologique de Bretagne (S.D.E.B.) Head office: rue Galil\u00e9e &#8211; Zone de Kerboulard &#8211; 56250 Saint Nolff &#8211; France Tel: 00 33 &#8211; (0)2 97 48 40 59 Fax: 00 33- (0)2 97 45 50 14 E-mail:\u00a0commercial@ecodis.info Limited company with a capital of 102\u00a0000\u20ac Siret: 429 216\u00a0310 RCS Vannes APE code: 4649Z \u2013 intra-community VAT: FR35429216310 Publication director:&hellip;<\/p>\n","protected":false},"author":1,"featured_media":1146,"parent":0,"menu_order":0,"comment_status":"closed","ping_status":"closed","template":"page-fullwidth.php","meta":[],"yoast_head":"<!-- This site is optimized with the Yoast SEO plugin v20.10 - https:\/\/yoast.com\/wordpress\/plugins\/seo\/ -->\n<title>legal notice - Ah Table - EN<\/title>\n<meta name=\"robots\" content=\"noindex, follow, max-snippet:-1, max-image-preview:large, max-video-preview:-1\" \/>\n<meta property=\"og:locale\" content=\"fr_FR\" \/>\n<meta property=\"og:type\" content=\"article\" \/>\n<meta property=\"og:title\" content=\"legal notice - Ah Table - EN\" \/>\n<meta property=\"og:description\" content=\"Website editor ECODIS S.A.S Soci\u00e9t\u00e9 de Distribution Ecologique de Bretagne (S.D.E.B.) Head office: rue Galil\u00e9e &#8211; Zone de Kerboulard &#8211; 56250 Saint Nolff &#8211; France Tel: 00 33 &#8211; (0)2 97 48 40 59 Fax: 00 33- (0)2 97 45 50 14 E-mail:\u00a0commercial@ecodis.info Limited company with a capital of 102\u00a0000\u20ac Siret: 429 216\u00a0310 RCS Vannes APE code: 4649Z \u2013 intra-community VAT: FR35429216310 Publication director:&hellip;\" \/>\n<meta property=\"og:url\" content=\"https:\/\/www.ah-table.com\/en\/legal-notice\/\" \/>\n<meta property=\"og:site_name\" content=\"Ah Table - EN\" \/>\n<meta property=\"article:modified_time\" content=\"2017-08-22T14:35:48+00:00\" \/>\n<meta property=\"og:image\" content=\"https:\/\/www.ah-table.com\/en\/wp-content\/uploads\/sites\/3\/2016\/07\/fond_header_mentions_legales.png\" \/>\n\t<meta property=\"og:image:width\" content=\"1362\" \/>\n\t<meta property=\"og:image:height\" content=\"300\" \/>\n\t<meta property=\"og:image:type\" content=\"image\/png\" \/>\n<meta name=\"twitter:card\" content=\"summary_large_image\" \/>\n<script type=\"application\/ld+json\" class=\"yoast-schema-graph\">{\"@context\":\"https:\/\/schema.org\",\"@graph\":[{\"@type\":\"WebPage\",\"@id\":\"https:\/\/www.ah-table.com\/en\/legal-notice\/\",\"url\":\"https:\/\/www.ah-table.com\/en\/legal-notice\/\",\"name\":\"legal notice - Ah Table - EN\",\"isPartOf\":{\"@id\":\"https:\/\/www.ah-table.com\/en\/#website\"},\"datePublished\":\"2016-07-18T13:44:33+00:00\",\"dateModified\":\"2017-08-22T14:35:48+00:00\",\"breadcrumb\":{\"@id\":\"https:\/\/www.ah-table.com\/en\/legal-notice\/#breadcrumb\"},\"inLanguage\":\"fr-FR\",\"potentialAction\":[{\"@type\":\"ReadAction\",\"target\":[\"https:\/\/www.ah-table.com\/en\/legal-notice\/\"]}]},{\"@type\":\"BreadcrumbList\",\"@id\":\"https:\/\/www.ah-table.com\/en\/legal-notice\/#breadcrumb\",\"itemListElement\":[{\"@type\":\"ListItem\",\"position\":1,\"name\":\"Accueil\",\"item\":\"https:\/\/www.ah-table.com\/en\/\"},{\"@type\":\"ListItem\",\"position\":2,\"name\":\"legal notice\"}]},{\"@type\":\"WebSite\",\"@id\":\"https:\/\/www.ah-table.com\/en\/#website\",\"url\":\"https:\/\/www.ah-table.com\/en\/\",\"name\":\"Ah Table - EN\",\"description\":\"A range of products for a natural cuisine!\",\"potentialAction\":[{\"@type\":\"SearchAction\",\"target\":{\"@type\":\"EntryPoint\",\"urlTemplate\":\"https:\/\/www.ah-table.com\/en\/?s={search_term_string}\"},\"query-input\":\"required name=search_term_string\"}],\"inLanguage\":\"fr-FR\"}]}<\/script>\n<!-- \/ Yoast SEO plugin. -->","yoast_head_json":{"title":"legal notice - Ah Table - EN","robots":{"index":"noindex","follow":"follow","max-snippet":"max-snippet:-1","max-image-preview":"max-image-preview:large","max-video-preview":"max-video-preview:-1"},"og_locale":"fr_FR","og_type":"article","og_title":"legal notice - Ah Table - EN","og_description":"Website editor ECODIS S.A.S Soci\u00e9t\u00e9 de Distribution Ecologique de Bretagne (S.D.E.B.) Head office: rue Galil\u00e9e &#8211; Zone de Kerboulard &#8211; 56250 Saint Nolff &#8211; France Tel: 00 33 &#8211; (0)2 97 48 40 59 Fax: 00 33- (0)2 97 45 50 14 E-mail:\u00a0commercial@ecodis.info Limited company with a capital of 102\u00a0000\u20ac Siret: 429 216\u00a0310 RCS Vannes APE code: 4649Z \u2013 intra-community VAT: FR35429216310 Publication director:&hellip;","og_url":"https:\/\/www.ah-table.com\/en\/legal-notice\/","og_site_name":"Ah Table - EN","article_modified_time":"2017-08-22T14:35:48+00:00","og_image":[{"width":1362,"height":300,"url":"https:\/\/www.ah-table.com\/en\/wp-content\/uploads\/sites\/3\/2016\/07\/fond_header_mentions_legales.png","type":"image\/png"}],"twitter_card":"summary_large_image","schema":{"@context":"https:\/\/schema.org","@graph":[{"@type":"WebPage","@id":"https:\/\/www.ah-table.com\/en\/legal-notice\/","url":"https:\/\/www.ah-table.com\/en\/legal-notice\/","name":"legal notice - Ah Table - EN","isPartOf":{"@id":"https:\/\/www.ah-table.com\/en\/#website"},"datePublished":"2016-07-18T13:44:33+00:00","dateModified":"2017-08-22T14:35:48+00:00","breadcrumb":{"@id":"https:\/\/www.ah-table.com\/en\/legal-notice\/#breadcrumb"},"inLanguage":"fr-FR","potentialAction":[{"@type":"ReadAction","target":["https:\/\/www.ah-table.com\/en\/legal-notice\/"]}]},{"@type":"BreadcrumbList","@id":"https:\/\/www.ah-table.com\/en\/legal-notice\/#breadcrumb","itemListElement":[{"@type":"ListItem","position":1,"name":"Accueil","item":"https:\/\/www.ah-table.com\/en\/"},{"@type":"ListItem","position":2,"name":"legal notice"}]},{"@type":"WebSite","@id":"https:\/\/www.ah-table.com\/en\/#website","url":"https:\/\/www.ah-table.com\/en\/","name":"Ah Table - EN","description":"A range of products for a natural cuisine!","potentialAction":[{"@type":"SearchAction","target":{"@type":"EntryPoint","urlTemplate":"https:\/\/www.ah-table.com\/en\/?s={search_term_string}"},"query-input":"required name=search_term_string"}],"inLanguage":"fr-FR"}]}},"_links":{"self":[{"href":"https:\/\/www.ah-table.com\/en\/wp-json\/wp\/v2\/pages\/1140"}],"collection":[{"href":"https:\/\/www.ah-table.com\/en\/wp-json\/wp\/v2\/pages"}],"about":[{"href":"https:\/\/www.ah-table.com\/en\/wp-json\/wp\/v2\/types\/page"}],"author":[{"embeddable":true,"href":"https:\/\/www.ah-table.com\/en\/wp-json\/wp\/v2\/users\/1"}],"replies":[{"embeddable":true,"href":"https:\/\/www.ah-table.com\/en\/wp-json\/wp\/v2\/comments?post=1140"}],"version-history":[{"count":3,"href":"https:\/\/www.ah-table.com\/en\/wp-json\/wp\/v2\/pages\/1140\/revisions"}],"predecessor-version":[{"id":1934,"href":"https:\/\/www.ah-table.com\/en\/wp-json\/wp\/v2\/pages\/1140\/revisions\/1934"}],"wp:featuredmedia":[{"embeddable":true,"href":"https:\/\/www.ah-table.com\/en\/wp-json\/wp\/v2\/media\/1146"}],"wp:attachment":[{"href":"https:\/\/www.ah-table.com\/en\/wp-json\/wp\/v2\/media?parent=1140"}],"curies":[{"name":"wp","href":"https:\/\/api.w.org\/{rel}","templated":true}]}}